{"id":371,"date":"2025-12-23T13:06:59","date_gmt":"2025-12-23T12:06:59","guid":{"rendered":"https:\/\/oktatas.kisslaszlo.info\/?page_id=371"},"modified":"2025-12-23T13:07:37","modified_gmt":"2025-12-23T12:07:37","slug":"regisztracio","status":"publish","type":"page","link":"https:\/\/oktatas.kisslaszlo.info\/en\/regisztracio\/","title":{"rendered":"Regisztr\u00e1ci\u00f3"},"content":{"rendered":"<div data-elementor-type=\"wp-page\" data-elementor-id=\"371\" class=\"elementor elementor-371\" data-elementor-post-type=\"page\">\n\t\t\t\t<div class=\"elementor-element elementor-element-594c4fb e-flex e-con-boxed e-con e-parent\" data-id=\"594c4fb\" data-element_type=\"container\" data-e-type=\"container\">\n\t\t\t\t\t<div class=\"e-con-inner\">\n\t\t\t\t<div class=\"elementor-element elementor-element-6430ec7 elementor-widget elementor-widget-shortcode\" data-id=\"6430ec7\" data-element_type=\"widget\" data-e-type=\"widget\" data-widget_type=\"shortcode.default\">\n\t\t\t\t\t\t\t<div class=\"elementor-shortcode\"><div class=\"learndash-wrapper ld-registration__outer-wrapper\">\n\t<div class=\"ld-registration__size-wrapper\" style=\"\" >\n\t\t<div\n\t\t\tclass=\"ld-registration__wrapper\"\n\t\t\tdata-js=\"learndash-view\"\n\t\t\tdata-learndash-breakpoints=\"{&quot;breakpoints&quot;:{&quot;mobile&quot;:375,&quot;tablet&quot;:420,&quot;extra-small&quot;:600,&quot;small&quot;:720,&quot;medium&quot;:960,&quot;large&quot;:1240,&quot;wide&quot;:1440}}\"\n\t\t\tdata-learndash-breakpoint-pointer=\"96e65dfa-ad7f-4993-9486-5f38721bb7ba\"\n\t\t>\n\t\t\t\n\t\t\t\t\t\t\t<div class=\"ld-registration__form\">\n\n\t\t\t\t\t<div class=\"ld-registration__register\">\n\t<h2 class=\"ld-registration__heading ld-registration-register__heading\">\n\t\t\t\t\tRegister\t\t\t<\/h2>\n\n\t<p class=\"ld-registration__p\">\n\t\t\t\t\tAlready have an account?\t\t\t<a class=\"ld-registration__login-link\" role=\"button\" href=\"\">\n\t\t\t\tLog In\t\t\t<\/a>\n\t\t\t<\/p>\n\t<\/div>\n\t\t\t\t\t\t\t\t\t\t<div class=\"ld-registration__login\">\n\t<h2 class=\"ld-registration__heading ld-registration-register__heading\">\n\t\tLog In\t<\/h2>\n\n\t<p class=\"ld-registration__p\">\n\t\t\t\t\tAre you a new user?\t\t\t<a class=\"ld-registration__register-link\" role=\"button\" href=\"https:\/\/oktatas.kisslaszlo.info\/wp-login.php?action=register\">\n\t\t\t\tRegister\t\t\t<\/a>\n\t\t\t<\/p>\n<\/div>\n<div class=\"ld-registration__login-form\">\n\t<form class=\"ld-form\" name=\"loginform\" id=\"loginform\" action=\"https:\/\/oktatas.kisslaszlo.info\/wp-login.php\" method=\"post\"><input id=\"learndash-login-form\" type=\"hidden\" name=\"learndash-login-form\" value=\"31b59e6c37\" \/><p class=\"login-username\">\n\t\t\t\t<label for=\"user_login\">Username or Email Address *<\/label>\n\t\t\t\t<input type=\"text\" name=\"log\" id=\"user_login\" autocomplete=\"username\" class=\"input ld-form__field\" value=\"\" size=\"20\" \/>\n\t\t\t<\/p><p class=\"login-password\">\n\t\t\t\t<label for=\"user_pass\">Password *<\/label>\n\t\t\t\t<input type=\"password\" name=\"pwd\" id=\"user_pass\" autocomplete=\"current-password\" spellcheck=\"false\" class=\"input ld-form__field\" value=\"\" size=\"20\" \/>\n\t\t\t<\/p><div class=\"ld-registration__login_options_wrapper\"><p class=\"login-remember\"><label><input name=\"rememberme\" type=\"checkbox\" id=\"rememberme\" value=\"forever\" \/> Remember Me<\/label><\/p>\t\t<p class=\"ld-registration__forgot-password\">\n\t\t\t<a href=\"https:\/\/oktatas.kisslaszlo.info\/en\/reset-password\/\">\n\t\t\t\tForgot password?\t\t\t<\/a>\n\t\t<\/p>\n\t\t\n<\/div><p class=\"login-submit\">\n\t\t\t\t<input type=\"submit\" name=\"wp-submit\" id=\"wp-submit\" class=\"button button-primary wp-element-button\" value=\"Log In\" \/>\n\t\t\t\t<input type=\"hidden\" name=\"redirect_to\" value=\"https:\/\/oktatas.kisslaszlo.info\/en\/regisztracio\/\" \/>\n\t\t\t<\/p><a class=\"forgot-link\" href=\"https:\/\/oktatas.kisslaszlo.info\/en\/bejelentkezes\/?action=lostpassword\">Elfelejtett jelsz\u00f3<\/a><\/form><\/div>\n\n\t\t\t\t\t\t\t\t\t\t\t<form\n\tname=\"learndash_registerform\"\n\tid=\"learndash_registerform\"\n\tclass=\"ld-form ld-registration__register-form\"\n\taction=\"https:\/\/oktatas.kisslaszlo.info\/wp-login.php?action=register\"\n\tdata-learndash-validate=\"true\"\n\tmethod=\"post\"\n>\n\t<div class=\"ld-form__field-outer-wrapper learndash-registration-field learndash-registration-field-username learndash-required\">\n\t<label for=\"username\">\n\tFelhaszn\u00e1l\u00f3n\u00e9v\t\t\t<span class=\"required\">(required)<\/span>\t<\/label>\n\t<div class=\"ld-form__field-wrapper ld-form__field-wrapper--type-text ld-form__field-username-wrapper\">\n\t<input\n\trequired\ttype=\"text\"\n\tid=\"username\"\n\tname=\"user_login\"\n\tvalue=\"\"\n\tclass=\"ld-form__field ld-form__field-user_login ld-form__field--type-text\"\n\t\/>\n<\/div>\n<\/div>\n\t\t\t\t\t\t<div class=\"ld-form__field-outer-wrapper learndash-registration-field learndash-registration-field-email learndash-required\">\n\t<label for=\"email\">\n\tEmail-c\u00edm\t\t\t<span class=\"required\">(required)<\/span>\t<\/label>\n\t<div class=\"ld-form__field-wrapper ld-form__field-wrapper--type-email ld-form__field-email-wrapper\">\n\t<input\n\trequired\ttype=\"email\"\n\tid=\"email\"\n\tname=\"user_email\"\n\tvalue=\"\"\n\tclass=\"ld-form__field ld-form__field-user_email ld-form__field--type-email\"\n\t\/>\n<\/div>\n<\/div>\n\t\t\t\t\t\t<div class=\"ld-form__field-outer-wrapper learndash-registration-field learndash-registration-field-first_name learndash-required\">\n\t<label for=\"first_name\">\n\tKeresztn\u00e9v\t\t\t<span class=\"required\">(required)<\/span>\t<\/label>\n\t<div class=\"ld-form__field-wrapper ld-form__field-wrapper--type-text ld-form__field-first_name-wrapper\">\n\t<input\n\trequired\ttype=\"text\"\n\tid=\"first_name\"\n\tname=\"first_name\"\n\tvalue=\"\"\n\tclass=\"ld-form__field ld-form__field-first_name ld-form__field--type-text\"\n\t\/>\n<\/div>\n<\/div>\n\t\t\t\t\t\t<div class=\"ld-form__field-outer-wrapper learndash-registration-field learndash-registration-field-last_name learndash-required\">\n\t<label for=\"last_name\">\n\tVezet\u00e9kn\u00e9v\t\t\t<span class=\"required\">(required)<\/span>\t<\/label>\n\t<div class=\"ld-form__field-wrapper ld-form__field-wrapper--type-text ld-form__field-last_name-wrapper\">\n\t<input\n\trequired\ttype=\"text\"\n\tid=\"last_name\"\n\tname=\"last_name\"\n\tvalue=\"\"\n\tclass=\"ld-form__field ld-form__field-last_name ld-form__field--type-text\"\n\t\/>\n<\/div>\n<\/div>\n\t\t\t\t\t\t<div class=\"ld-form__field-outer-wrapper learndash-registration-field learndash-registration-field-password learndash-required\">\n\t<label for=\"password\">\n\tjelsz\u00f3\t\t\t<span class=\"required\">(required)<\/span>\t<\/label>\n\t<div class=\"ld-form__field-wrapper ld-form__field-wrapper--type-password ld-form__field-password-wrapper\">\n\t<input\n\trequired\ttype=\"password\"\n\tid=\"password\"\n\tname=\"password\"\n\tvalue=\"\"\n\tclass=\"ld-form__field ld-form__field-password ld-form__field--type-password ld-form__field--needs-password-strength\"\n\taria-describedby=\"ld-password-strength__meter\"\/>\n\t<button\n\t\ttype=\"button\"\n\t\tclass=\"ld-button ld-button--secondary ld-button--border ld-button__password-visibility-toggle ld--ignore-inline-css\"\n\t\taria-label=\"Toggle password visibility\"\n\t\taria-live=\"polite\"\n\t>\n\t\tShow\t<\/button>\n<\/div>\n<\/div>\n\t\t\t\t\t\t\t<p class=\"ld-password-strength__hint\">\n\t\t\t\t\tA medium-strength password is needed to register. Tip: Try at least 12 characters long containing letters, numbers, and special characters.\t\t\t\t<\/p>\n\t\t\t\t\t\t<div class=\"ld-terms-checkboxes\">\n\t\t\t\t<div class=\"ld-form__field-wrapper\">\n\t\t\t<label for=\"ld-privacy-checkbox\">\n\t\t\t\t<input\n\t\t\t\t\tdata-learndash-validate-error=\"Please indicate that you have reviewed and agree to Privacy Policy\"\n\t\t\t\t\tid=\"ld-privacy-checkbox\"\n\t\t\t\t\tname=\"privacy_checkbox\"\n\t\t\t\t\trequired=\"required\"\n\t\t\t\t\ttype=\"checkbox\"\n\t\t\t\t\/>\n\t\t\t\t<span class=\"ld-terms-checkboxes__terms-text\">\n\t\t\t\t\tI have reviewed and agree to <a href=\"https:\/\/oktatas.kisslaszlo.info\/en\/adatvedelmi-tajekoztato\/\" target=\"_blank\">Privacy Policy<\/a> *\t\t\t\t<\/span>\n\t\t\t<\/label>\n\t\t<\/div>\n\t<\/div>\n\t<input name=\"ld_register_id\" value=\"0\" type=\"hidden\" \/>\n\t<input type=\"hidden\" name=\"learndash-registration-form\" value=\"8c47001590\" \/>\n\t<input type=\"hidden\" name=\"redirect_to\" value=\"https:\/\/oktatas.kisslaszlo.info\/en\/regisztracio\/?ld-registered=true&#038;ld_register_id=0\" \/>\n\t<p class=\"ld-registration__register-submit-wrapper\">\n\t\t<input\n\t\t\ttype=\"submit\"\n\t\t\tname=\"wp-submit\"\n\t\t\tid=\"wp-submit-register\"\n\t\t\tclass=\"button button-primary button-large wp-element-button\"\n\t\t\tvalue=\"Register\"\n\t\t\/>\n\t<\/p>\n<\/form>\n\t\t\t\t\t\t\t\t\t<\/div>\n\t\t\t\n\t\t\t\t\t<\/div>\n\t<\/div>\n<\/div>\n<script class=\"learndash-breakpoints\">\n\t( function () {\n\t\tlet completed = false;\n\n\t\t\/**\n\t\t * Initializes the LearnDash Breakpoints.\n\t\t *\n\t\t * @since 4.16.0\n\t\t *\/\n\t\tfunction initBreakpoints() {\n\t\t\tif ( completed ) {\n\t\t\t\t\/\/ This was fired already and completed no need to attach to the event listener.\n\t\t\t\tdocument.removeEventListener( 'DOMContentLoaded', initBreakpoints );\n\t\t\t\treturn;\n\t\t\t}\n\n\t\t\tif (\n\t\t\t\t'undefined' === typeof window.learndash ||\n\t\t\t\t'undefined' === typeof window.learndash.views ||\n\t\t\t\t'undefined' === typeof window.learndash.views.breakpoints ||\n\t\t\t\t'function' !== typeof (window.learndash.views.breakpoints.setup)\n\t\t\t) {\n\t\t\t\treturn;\n\t\t\t}\n\n\t\t\tconst container = document.querySelector(\n\t\t\t\t'[data-learndash-breakpoint-pointer=\"96e65dfa-ad7f-4993-9486-5f38721bb7ba\"]'\n\t\t\t);\n\n\t\t\tif ( ! container ) {\n\t\t\t\treturn;\n\t\t\t}\n\n\t\t\twindow.learndash.views.breakpoints.setup( container );\n\t\t\tcompleted = true;\n\t\t\t\/\/ This was fired already and completed no need to attach to the event listener.\n\t\t\tdocument.removeEventListener( 'DOMContentLoaded', initBreakpoints );\n\t\t}\n\n\t\t\/\/ Try to init the breakpoints right away.\n\t\tinitBreakpoints();\n\t\tdocument.addEventListener( 'DOMContentLoaded', initBreakpoints );\n\t})();\n<\/script>\n<\/div>\n\t\t\t\t\t\t<\/div>\n\t\t\t\t\t<\/div>\n\t\t\t\t<\/div>\n\t\t\t\t<\/div>","protected":false},"excerpt":{"rendered":"","protected":false},"author":1,"featured_media":0,"parent":0,"menu_order":0,"comment_status":"closed","ping_status":"closed","template":"","meta":{"pagelayer_contact_templates":[],"_pagelayer_content":"","footnotes":""},"class_list":["post-371","page","type-page","status-publish","hentry"],"yoast_head":"<!-- This site is optimized with the Yoast SEO Premium plugin v27.1 (Yoast SEO v27.1.1) - https:\/\/yoast.com\/product\/yoast-seo-premium-wordpress\/ -->\n<title>Regisztr\u00e1ci\u00f3 - Kiss L\u00e1szl\u00f3 - K\u00e9pz\u00e9sek<\/title>\n<meta name=\"robots\" content=\"index, follow, max-snippet:-1, max-image-preview:large, max-video-preview:-1\" \/>\n<link rel=\"canonical\" href=\"https:\/\/oktatas.kisslaszlo.info\/en\/regisztracio\/\" \/>\n<meta property=\"og:locale\" content=\"en_US\" \/>\n<meta property=\"og:type\" content=\"article\" \/>\n<meta property=\"og:title\" content=\"Regisztr\u00e1ci\u00f3\" \/>\n<meta property=\"og:url\" content=\"https:\/\/oktatas.kisslaszlo.info\/en\/regisztracio\/\" \/>\n<meta property=\"og:site_name\" content=\"Kiss L\u00e1szl\u00f3 - K\u00e9pz\u00e9sek\" \/>\n<meta property=\"article:publisher\" content=\"https:\/\/www.facebook.com\/kisslaszlothetahealing\" \/>\n<meta property=\"article:modified_time\" content=\"2025-12-23T12:07:37+00:00\" \/>\n<meta name=\"twitter:card\" content=\"summary_large_image\" \/>\n<script type=\"application\/ld+json\" class=\"yoast-schema-graph\">{\"@context\":\"https:\/\/schema.org\",\"@graph\":[{\"@type\":\"WebPage\",\"@id\":\"https:\/\/oktatas.kisslaszlo.info\/regisztracio\/\",\"url\":\"https:\/\/oktatas.kisslaszlo.info\/regisztracio\/\",\"name\":\"Regisztr\u00e1ci\u00f3 - Kiss L\u00e1szl\u00f3 - K\u00e9pz\u00e9sek\",\"isPartOf\":{\"@id\":\"https:\/\/oktatas.kisslaszlo.info\/#website\"},\"datePublished\":\"2025-12-23T12:06:59+00:00\",\"dateModified\":\"2025-12-23T12:07:37+00:00\",\"breadcrumb\":{\"@id\":\"https:\/\/oktatas.kisslaszlo.info\/regisztracio\/#breadcrumb\"},\"inLanguage\":\"en-US\",\"potentialAction\":[{\"@type\":\"ReadAction\",\"target\":[\"https:\/\/oktatas.kisslaszlo.info\/regisztracio\/\"]}]},{\"@type\":\"BreadcrumbList\",\"@id\":\"https:\/\/oktatas.kisslaszlo.info\/regisztracio\/#breadcrumb\",\"itemListElement\":[{\"@type\":\"ListItem\",\"position\":1,\"name\":\"Kezd\u0151lap\",\"item\":\"https:\/\/oktatas.kisslaszlo.info\/\"},{\"@type\":\"ListItem\",\"position\":2,\"name\":\"Regisztr\u00e1ci\u00f3\"}]},{\"@type\":\"WebSite\",\"@id\":\"https:\/\/oktatas.kisslaszlo.info\/#website\",\"url\":\"https:\/\/oktatas.kisslaszlo.info\/\",\"name\":\"Kiss L\u00e1szl\u00f3 - K\u00e9pz\u00e9sek\",\"description\":\"\u00d6nismereti k\u00e9pz\u00e9sek Kiss L\u00e1szl\u00f3val\",\"publisher\":{\"@id\":\"https:\/\/oktatas.kisslaszlo.info\/#organization\"},\"potentialAction\":[{\"@type\":\"SearchAction\",\"target\":{\"@type\":\"EntryPoint\",\"urlTemplate\":\"https:\/\/oktatas.kisslaszlo.info\/?s={search_term_string}\"},\"query-input\":{\"@type\":\"PropertyValueSpecification\",\"valueRequired\":true,\"valueName\":\"search_term_string\"}}],\"inLanguage\":\"en-US\"},{\"@type\":\"Organization\",\"@id\":\"https:\/\/oktatas.kisslaszlo.info\/#organization\",\"name\":\"Kiss L\u00e1szl\u00f3 - K\u00e9pz\u00e9sek\",\"url\":\"https:\/\/oktatas.kisslaszlo.info\/\",\"logo\":{\"@type\":\"ImageObject\",\"inLanguage\":\"en-US\",\"@id\":\"https:\/\/oktatas.kisslaszlo.info\/#\/schema\/logo\/image\/\",\"url\":\"https:\/\/oktatas.kisslaszlo.info\/wp-content\/uploads\/2025\/12\/cropped-KL-1-scaled-1.png\",\"contentUrl\":\"https:\/\/oktatas.kisslaszlo.info\/wp-content\/uploads\/2025\/12\/cropped-KL-1-scaled-1.png\",\"width\":512,\"height\":512,\"caption\":\"Kiss L\u00e1szl\u00f3 - K\u00e9pz\u00e9sek\"},\"image\":{\"@id\":\"https:\/\/oktatas.kisslaszlo.info\/#\/schema\/logo\/image\/\"},\"sameAs\":[\"https:\/\/www.facebook.com\/kisslaszlothetahealing\"]}]}<\/script>\n<!-- \/ Yoast SEO Premium plugin. -->","yoast_head_json":{"title":"Regisztr\u00e1ci\u00f3 - Kiss L\u00e1szl\u00f3 - K\u00e9pz\u00e9sek","robots":{"index":"index","follow":"follow","max-snippet":"max-snippet:-1","max-image-preview":"max-image-preview:large","max-video-preview":"max-video-preview:-1"},"canonical":"https:\/\/oktatas.kisslaszlo.info\/en\/regisztracio\/","og_locale":"en_US","og_type":"article","og_title":"Regisztr\u00e1ci\u00f3","og_url":"https:\/\/oktatas.kisslaszlo.info\/en\/regisztracio\/","og_site_name":"Kiss L\u00e1szl\u00f3 - K\u00e9pz\u00e9sek","article_publisher":"https:\/\/www.facebook.com\/kisslaszlothetahealing","article_modified_time":"2025-12-23T12:07:37+00:00","twitter_card":"summary_large_image","schema":{"@context":"https:\/\/schema.org","@graph":[{"@type":"WebPage","@id":"https:\/\/oktatas.kisslaszlo.info\/regisztracio\/","url":"https:\/\/oktatas.kisslaszlo.info\/regisztracio\/","name":"Regisztr\u00e1ci\u00f3 - Kiss L\u00e1szl\u00f3 - K\u00e9pz\u00e9sek","isPartOf":{"@id":"https:\/\/oktatas.kisslaszlo.info\/#website"},"datePublished":"2025-12-23T12:06:59+00:00","dateModified":"2025-12-23T12:07:37+00:00","breadcrumb":{"@id":"https:\/\/oktatas.kisslaszlo.info\/regisztracio\/#breadcrumb"},"inLanguage":"en-US","potentialAction":[{"@type":"ReadAction","target":["https:\/\/oktatas.kisslaszlo.info\/regisztracio\/"]}]},{"@type":"BreadcrumbList","@id":"https:\/\/oktatas.kisslaszlo.info\/regisztracio\/#breadcrumb","itemListElement":[{"@type":"ListItem","position":1,"name":"Kezd\u0151lap","item":"https:\/\/oktatas.kisslaszlo.info\/"},{"@type":"ListItem","position":2,"name":"Regisztr\u00e1ci\u00f3"}]},{"@type":"WebSite","@id":"https:\/\/oktatas.kisslaszlo.info\/#website","url":"https:\/\/oktatas.kisslaszlo.info\/","name":"Kiss L\u00e1szl\u00f3 - K\u00e9pz\u00e9sek","description":"\u00d6nismereti k\u00e9pz\u00e9sek Kiss L\u00e1szl\u00f3val","publisher":{"@id":"https:\/\/oktatas.kisslaszlo.info\/#organization"},"potentialAction":[{"@type":"SearchAction","target":{"@type":"EntryPoint","urlTemplate":"https:\/\/oktatas.kisslaszlo.info\/?s={search_term_string}"},"query-input":{"@type":"PropertyValueSpecification","valueRequired":true,"valueName":"search_term_string"}}],"inLanguage":"en-US"},{"@type":"Organization","@id":"https:\/\/oktatas.kisslaszlo.info\/#organization","name":"Kiss L\u00e1szl\u00f3 - K\u00e9pz\u00e9sek","url":"https:\/\/oktatas.kisslaszlo.info\/","logo":{"@type":"ImageObject","inLanguage":"en-US","@id":"https:\/\/oktatas.kisslaszlo.info\/#\/schema\/logo\/image\/","url":"https:\/\/oktatas.kisslaszlo.info\/wp-content\/uploads\/2025\/12\/cropped-KL-1-scaled-1.png","contentUrl":"https:\/\/oktatas.kisslaszlo.info\/wp-content\/uploads\/2025\/12\/cropped-KL-1-scaled-1.png","width":512,"height":512,"caption":"Kiss L\u00e1szl\u00f3 - K\u00e9pz\u00e9sek"},"image":{"@id":"https:\/\/oktatas.kisslaszlo.info\/#\/schema\/logo\/image\/"},"sameAs":["https:\/\/www.facebook.com\/kisslaszlothetahealing"]}]}},"_links":{"self":[{"href":"https:\/\/oktatas.kisslaszlo.info\/en\/wp-json\/wp\/v2\/pages\/371","targetHints":{"allow":["GET"]}}],"collection":[{"href":"https:\/\/oktatas.kisslaszlo.info\/en\/wp-json\/wp\/v2\/pages"}],"about":[{"href":"https:\/\/oktatas.kisslaszlo.info\/en\/wp-json\/wp\/v2\/types\/page"}],"author":[{"embeddable":true,"href":"https:\/\/oktatas.kisslaszlo.info\/en\/wp-json\/wp\/v2\/users\/1"}],"replies":[{"embeddable":true,"href":"https:\/\/oktatas.kisslaszlo.info\/en\/wp-json\/wp\/v2\/comments?post=371"}],"version-history":[{"count":4,"href":"https:\/\/oktatas.kisslaszlo.info\/en\/wp-json\/wp\/v2\/pages\/371\/revisions"}],"predecessor-version":[{"id":375,"href":"https:\/\/oktatas.kisslaszlo.info\/en\/wp-json\/wp\/v2\/pages\/371\/revisions\/375"}],"wp:attachment":[{"href":"https:\/\/oktatas.kisslaszlo.info\/en\/wp-json\/wp\/v2\/media?parent=371"}],"curies":[{"name":"wp","href":"https:\/\/api.w.org\/{rel}","templated":true}]}}