{"id":325,"date":"2025-12-22T23:59:21","date_gmt":"2025-12-22T22:59:21","guid":{"rendered":"https:\/\/oktatas.kisslaszlo.info\/?page_id=325"},"modified":"2026-01-15T22:46:15","modified_gmt":"2026-01-15T21:46:15","slug":"bejelentkezes","status":"publish","type":"page","link":"https:\/\/oktatas.kisslaszlo.info\/en\/bejelentkezes\/","title":{"rendered":"Bejelentkez\u00e9s"},"content":{"rendered":"<div data-elementor-type=\"wp-page\" data-elementor-id=\"325\" class=\"elementor elementor-325\" data-elementor-post-type=\"page\">\n\t\t\t\t<div class=\"elementor-element elementor-element-2bff410 e-flex e-con-boxed e-con e-parent\" data-id=\"2bff410\" data-element_type=\"container\" data-e-type=\"container\">\n\t\t\t\t\t<div class=\"e-con-inner\">\n\t\t\t\t<div class=\"elementor-element elementor-element-352a7e4 elementor-widget elementor-widget-html\" data-id=\"352a7e4\" data-element_type=\"widget\" data-e-type=\"widget\" data-widget_type=\"html.default\">\n\t\t\t\t\t<div style=\"font-family: 'Segoe UI', Tahoma, Geneva, Verdana, sans-serif; text-align: center; padding: 20px; box-sizing: border-box; max-width: 500px; margin: 0 auto; background: #ffffff; border-radius: 10px; box-shadow: 0 4px 20px rgba(0,0,0,0.1);\">\r\n    \r\n    <div style=\"width: 100%; height: 250px; background-image: url('https:\/\/oktatas.kisslaszlo.info\/wp-content\/uploads\/2026\/01\/Gemini_Generated_Image_h2ct72h2ct72h2ct-e1768512106434.png'); background-size: cover; background-position: center;\">\r\n    <\/div>\r\n\r\n  <h2 style=\"color: #4a148c; margin-bottom: 20px;\">L\u00e9pj be a Tud\u00e1s Kapuj\u00e1n!<\/h2>\r\n    \r\n    <p style=\"color: #666; margin-bottom: 30px;\">\u00dcdv\u00f6z\u00f6llek \u00fajra! K\u00e9szen \u00e1llsz a folytat\u00e1sra?<\/p>\r\n    \r\n    \t<section class=\"uo_loginForm\">\n\t\t<script>\n\t\t\t\t\t\tlet UOToolkitFrontEndLoginFormData = JSON.parse('{\"turnstileRecaptcha\":false}');\n\t\t<\/script>\n\t\t\n\n<div id=\"ult-login\">\n\n\t<div class=\"ult-box\">\n\n\t\t<div class=\"ult-form__content\">\n\t\t\t\n\t\t\t\n\t\t\t\n\t\t\t\n\t\t\t\n\t\t\t\n\t\t\t\t<div class=\"ult-form__description\">\n\t\t\t\t\tJelentkezz be a tanfolyamok el\u00e9r\u00e9s\u00e9hez\t\t\t\t<\/div>\n\n\t\t\t\n\t\t\t\n\t\t\t<div class=\"ult-form__container\">\n\n\t\t\t\t<div id=\"lz-social-login-btns\" class=\"lz-social-login-btns-icon lz-social-top-padding\" style=\"justify-self:auto;justify-content:center\"><\/div><form name=\"ult-login-form\" id=\"ult-login-form\" action=\"https:\/\/oktatas.kisslaszlo.info\/wp-login.php\" method=\"post\"><input id=\"learndash-login-form\" type=\"hidden\" name=\"learndash-login-form\" value=\"31b59e6c37\" \/><p class=\"login-username\">\n\t\t\t\t<label for=\"ult-login-email\">Felhaszn\u00e1l\u00f3n\u00e9v, vagy e-mail c\u00edm<\/label>\n\t\t\t\t<input type=\"text\" name=\"log\" id=\"ult-login-email\" autocomplete=\"username\" class=\"input\" value=\"\" size=\"20\" \/>\n\t\t\t<\/p><p class=\"login-password\">\n\t\t\t\t<label for=\"ult-login-password\">jelsz\u00f3<\/label>\n\t\t\t\t<input type=\"password\" name=\"pwd\" id=\"ult-login-password\" autocomplete=\"current-password\" spellcheck=\"false\" class=\"input\" value=\"\" size=\"20\" \/>\n\t\t\t<\/p>\n\t<div class=\"ult-form__validation\">\n\t\t<div class=\"ult-notice ult-notice--error\">\n\t\t\t\n\t\t\t<span class=\"ult-notice-text\"><\/span>\n\n\t\t\t\t\t<\/div>\n\t<\/div>\n\n\t<p class=\"login-remember\"><label><input name=\"rememberme\" type=\"checkbox\" id=\"ult-login-remember\" value=\"forever\" checked=\"checked\" \/> Eml\u00e9kezz r\u00e1m<\/label><\/p><p class=\"login-submit\">\n\t\t\t\t<input type=\"submit\" name=\"wp-submit\" id=\"ult-login-submit\" class=\"button button-primary\" value=\"Bejelentkez\u00e9s\" \/>\n\t\t\t\t<input type=\"hidden\" name=\"redirect_to\" value=\"https:\/\/oktatas.kisslaszlo.info\/en\/wp-admin\/\" \/>\n\t\t\t<\/p><\/form>\n\t\t\t<\/div>\n\n\t\t\t\n\t\t<\/div>\n\n\t\t<div class=\"ult-form__footer\">\n\n\t\t\t\n\t\t\t<div class=\"ult-form-footer__forgot-password\">\n\t\t\t\t<a id=\"ult-form-footer-forgot-password\" href=\"https:\/\/oktatas.kisslaszlo.info\/en\/bejelentkezes\/?action=lostpassword\">\n\t\t\t\t\tElfelejtett jelsz\u00f3\t\t\t\t<\/a>\n\t\t\t<\/div>\n\n\t\t\t\n\t\t<\/div>\n\n\t\t\n\t<\/div>\n\n<\/div>\n\n<script type='text\/javascript'>\n\tjQuery(document).ready(function () {\n\t\tjQuery('#ult-login-email').attr('required', 'required')\n\t\tjQuery('#ult-login-password').attr('required', 'required')\n\t})\n<\/script>\n\n\t<\/section>\n \r\n\r\n    <p style=\"margin-top: 30px; font-size: 14px; color: #888;\">Elfelejtetted a jelszavadat, vagy m\u00e9g nincs fi\u00f3kod?<\/p>\r\n    <a href=\"http:\/\/oktatas.kisslaszlo.info\/en\/jelszo-visszaallitas\/\" style=\"color: #7b1fa2; text-decoration: none; font-weight: bold; margin-right: 15px;\">Jelsz\u00f3 vissza\u00e1ll\u00edt\u00e1sa<\/a>\r\n        <\/div>\r\n    <\/div>\r\n<\/div>\t\t\t\t<\/div>\n\t\t\t\t\t<\/div>\n\t\t\t\t<\/div>\n\t\t\t\t<\/div>","protected":false},"excerpt":{"rendered":"<p>L\u00e9pj be a Tud\u00e1s Kapuj\u00e1n! \u00dcdv\u00f6z\u00f6llek \u00fajra! K\u00e9szen \u00e1llsz a folytat\u00e1sra? Elfelejtetted a jelszavadat, vagy m\u00e9g nincs fi\u00f3kod? Jelsz\u00f3 vissza\u00e1ll\u00edt\u00e1sa<\/p>","protected":false},"author":1,"featured_media":0,"parent":0,"menu_order":0,"comment_status":"closed","ping_status":"closed","template":"","meta":{"pagelayer_contact_templates":[],"_pagelayer_content":"","footnotes":""},"class_list":["post-325","page","type-page","status-publish","hentry"],"yoast_head":"<!-- This site is optimized with the Yoast SEO Premium plugin v27.1 (Yoast SEO v27.1.1) - https:\/\/yoast.com\/product\/yoast-seo-premium-wordpress\/ -->\n<title>Bejelentkez\u00e9s - Kiss L\u00e1szl\u00f3 - K\u00e9pz\u00e9sek<\/title>\n<meta name=\"robots\" content=\"index, follow, max-snippet:-1, max-image-preview:large, max-video-preview:-1\" \/>\n<link rel=\"canonical\" href=\"https:\/\/oktatas.kisslaszlo.info\/en\/bejelentkezes\/\" \/>\n<meta property=\"og:locale\" content=\"en_US\" \/>\n<meta property=\"og:type\" content=\"article\" \/>\n<meta property=\"og:title\" content=\"Bejelentkez\u00e9s\" \/>\n<meta property=\"og:description\" content=\"L\u00e9pj be a Tud\u00e1s Kapuj\u00e1n! \u00dcdv\u00f6z\u00f6llek \u00fajra! K\u00e9szen \u00e1llsz a folytat\u00e1sra? Elfelejtetted a jelszavadat, vagy m\u00e9g nincs fi\u00f3kod? Jelsz\u00f3 vissza\u00e1ll\u00edt\u00e1sa\" \/>\n<meta property=\"og:url\" content=\"https:\/\/oktatas.kisslaszlo.info\/en\/bejelentkezes\/\" \/>\n<meta property=\"og:site_name\" content=\"Kiss L\u00e1szl\u00f3 - K\u00e9pz\u00e9sek\" \/>\n<meta property=\"article:publisher\" content=\"https:\/\/www.facebook.com\/kisslaszlothetahealing\" \/>\n<meta property=\"article:modified_time\" content=\"2026-01-15T21:46:15+00:00\" \/>\n<meta name=\"twitter:card\" content=\"summary_large_image\" \/>\n<script type=\"application\/ld+json\" class=\"yoast-schema-graph\">{\"@context\":\"https:\/\/schema.org\",\"@graph\":[{\"@type\":\"WebPage\",\"@id\":\"https:\/\/oktatas.kisslaszlo.info\/bejelentkezes\/\",\"url\":\"https:\/\/oktatas.kisslaszlo.info\/bejelentkezes\/\",\"name\":\"Bejelentkez\u00e9s - Kiss L\u00e1szl\u00f3 - K\u00e9pz\u00e9sek\",\"isPartOf\":{\"@id\":\"https:\/\/oktatas.kisslaszlo.info\/#website\"},\"datePublished\":\"2025-12-22T22:59:21+00:00\",\"dateModified\":\"2026-01-15T21:46:15+00:00\",\"breadcrumb\":{\"@id\":\"https:\/\/oktatas.kisslaszlo.info\/bejelentkezes\/#breadcrumb\"},\"inLanguage\":\"en-US\",\"potentialAction\":[{\"@type\":\"ReadAction\",\"target\":[\"https:\/\/oktatas.kisslaszlo.info\/bejelentkezes\/\"]}]},{\"@type\":\"BreadcrumbList\",\"@id\":\"https:\/\/oktatas.kisslaszlo.info\/bejelentkezes\/#breadcrumb\",\"itemListElement\":[{\"@type\":\"ListItem\",\"position\":1,\"name\":\"Kezd\u0151lap\",\"item\":\"https:\/\/oktatas.kisslaszlo.info\/\"},{\"@type\":\"ListItem\",\"position\":2,\"name\":\"Bejelentkez\u00e9s\"}]},{\"@type\":\"WebSite\",\"@id\":\"https:\/\/oktatas.kisslaszlo.info\/#website\",\"url\":\"https:\/\/oktatas.kisslaszlo.info\/\",\"name\":\"Kiss L\u00e1szl\u00f3 - K\u00e9pz\u00e9sek\",\"description\":\"\u00d6nismereti k\u00e9pz\u00e9sek Kiss L\u00e1szl\u00f3val\",\"publisher\":{\"@id\":\"https:\/\/oktatas.kisslaszlo.info\/#organization\"},\"potentialAction\":[{\"@type\":\"SearchAction\",\"target\":{\"@type\":\"EntryPoint\",\"urlTemplate\":\"https:\/\/oktatas.kisslaszlo.info\/?s={search_term_string}\"},\"query-input\":{\"@type\":\"PropertyValueSpecification\",\"valueRequired\":true,\"valueName\":\"search_term_string\"}}],\"inLanguage\":\"en-US\"},{\"@type\":\"Organization\",\"@id\":\"https:\/\/oktatas.kisslaszlo.info\/#organization\",\"name\":\"Kiss L\u00e1szl\u00f3 - K\u00e9pz\u00e9sek\",\"url\":\"https:\/\/oktatas.kisslaszlo.info\/\",\"logo\":{\"@type\":\"ImageObject\",\"inLanguage\":\"en-US\",\"@id\":\"https:\/\/oktatas.kisslaszlo.info\/#\/schema\/logo\/image\/\",\"url\":\"https:\/\/oktatas.kisslaszlo.info\/wp-content\/uploads\/2025\/12\/cropped-KL-1-scaled-1.png\",\"contentUrl\":\"https:\/\/oktatas.kisslaszlo.info\/wp-content\/uploads\/2025\/12\/cropped-KL-1-scaled-1.png\",\"width\":512,\"height\":512,\"caption\":\"Kiss L\u00e1szl\u00f3 - K\u00e9pz\u00e9sek\"},\"image\":{\"@id\":\"https:\/\/oktatas.kisslaszlo.info\/#\/schema\/logo\/image\/\"},\"sameAs\":[\"https:\/\/www.facebook.com\/kisslaszlothetahealing\"]}]}<\/script>\n<!-- \/ Yoast SEO Premium plugin. -->","yoast_head_json":{"title":"Bejelentkez\u00e9s - Kiss L\u00e1szl\u00f3 - K\u00e9pz\u00e9sek","robots":{"index":"index","follow":"follow","max-snippet":"max-snippet:-1","max-image-preview":"max-image-preview:large","max-video-preview":"max-video-preview:-1"},"canonical":"https:\/\/oktatas.kisslaszlo.info\/en\/bejelentkezes\/","og_locale":"en_US","og_type":"article","og_title":"Bejelentkez\u00e9s","og_description":"L\u00e9pj be a Tud\u00e1s Kapuj\u00e1n! \u00dcdv\u00f6z\u00f6llek \u00fajra! K\u00e9szen \u00e1llsz a folytat\u00e1sra? Elfelejtetted a jelszavadat, vagy m\u00e9g nincs fi\u00f3kod? Jelsz\u00f3 vissza\u00e1ll\u00edt\u00e1sa","og_url":"https:\/\/oktatas.kisslaszlo.info\/en\/bejelentkezes\/","og_site_name":"Kiss L\u00e1szl\u00f3 - K\u00e9pz\u00e9sek","article_publisher":"https:\/\/www.facebook.com\/kisslaszlothetahealing","article_modified_time":"2026-01-15T21:46:15+00:00","twitter_card":"summary_large_image","schema":{"@context":"https:\/\/schema.org","@graph":[{"@type":"WebPage","@id":"https:\/\/oktatas.kisslaszlo.info\/bejelentkezes\/","url":"https:\/\/oktatas.kisslaszlo.info\/bejelentkezes\/","name":"Bejelentkez\u00e9s - Kiss L\u00e1szl\u00f3 - K\u00e9pz\u00e9sek","isPartOf":{"@id":"https:\/\/oktatas.kisslaszlo.info\/#website"},"datePublished":"2025-12-22T22:59:21+00:00","dateModified":"2026-01-15T21:46:15+00:00","breadcrumb":{"@id":"https:\/\/oktatas.kisslaszlo.info\/bejelentkezes\/#breadcrumb"},"inLanguage":"en-US","potentialAction":[{"@type":"ReadAction","target":["https:\/\/oktatas.kisslaszlo.info\/bejelentkezes\/"]}]},{"@type":"BreadcrumbList","@id":"https:\/\/oktatas.kisslaszlo.info\/bejelentkezes\/#breadcrumb","itemListElement":[{"@type":"ListItem","position":1,"name":"Kezd\u0151lap","item":"https:\/\/oktatas.kisslaszlo.info\/"},{"@type":"ListItem","position":2,"name":"Bejelentkez\u00e9s"}]},{"@type":"WebSite","@id":"https:\/\/oktatas.kisslaszlo.info\/#website","url":"https:\/\/oktatas.kisslaszlo.info\/","name":"Kiss L\u00e1szl\u00f3 - K\u00e9pz\u00e9sek","description":"\u00d6nismereti k\u00e9pz\u00e9sek Kiss L\u00e1szl\u00f3val","publisher":{"@id":"https:\/\/oktatas.kisslaszlo.info\/#organization"},"potentialAction":[{"@type":"SearchAction","target":{"@type":"EntryPoint","urlTemplate":"https:\/\/oktatas.kisslaszlo.info\/?s={search_term_string}"},"query-input":{"@type":"PropertyValueSpecification","valueRequired":true,"valueName":"search_term_string"}}],"inLanguage":"en-US"},{"@type":"Organization","@id":"https:\/\/oktatas.kisslaszlo.info\/#organization","name":"Kiss L\u00e1szl\u00f3 - K\u00e9pz\u00e9sek","url":"https:\/\/oktatas.kisslaszlo.info\/","logo":{"@type":"ImageObject","inLanguage":"en-US","@id":"https:\/\/oktatas.kisslaszlo.info\/#\/schema\/logo\/image\/","url":"https:\/\/oktatas.kisslaszlo.info\/wp-content\/uploads\/2025\/12\/cropped-KL-1-scaled-1.png","contentUrl":"https:\/\/oktatas.kisslaszlo.info\/wp-content\/uploads\/2025\/12\/cropped-KL-1-scaled-1.png","width":512,"height":512,"caption":"Kiss L\u00e1szl\u00f3 - K\u00e9pz\u00e9sek"},"image":{"@id":"https:\/\/oktatas.kisslaszlo.info\/#\/schema\/logo\/image\/"},"sameAs":["https:\/\/www.facebook.com\/kisslaszlothetahealing"]}]}},"_links":{"self":[{"href":"https:\/\/oktatas.kisslaszlo.info\/en\/wp-json\/wp\/v2\/pages\/325","targetHints":{"allow":["GET"]}}],"collection":[{"href":"https:\/\/oktatas.kisslaszlo.info\/en\/wp-json\/wp\/v2\/pages"}],"about":[{"href":"https:\/\/oktatas.kisslaszlo.info\/en\/wp-json\/wp\/v2\/types\/page"}],"author":[{"embeddable":true,"href":"https:\/\/oktatas.kisslaszlo.info\/en\/wp-json\/wp\/v2\/users\/1"}],"replies":[{"embeddable":true,"href":"https:\/\/oktatas.kisslaszlo.info\/en\/wp-json\/wp\/v2\/comments?post=325"}],"version-history":[{"count":21,"href":"https:\/\/oktatas.kisslaszlo.info\/en\/wp-json\/wp\/v2\/pages\/325\/revisions"}],"predecessor-version":[{"id":487,"href":"https:\/\/oktatas.kisslaszlo.info\/en\/wp-json\/wp\/v2\/pages\/325\/revisions\/487"}],"wp:attachment":[{"href":"https:\/\/oktatas.kisslaszlo.info\/en\/wp-json\/wp\/v2\/media?parent=325"}],"curies":[{"name":"wp","href":"https:\/\/api.w.org\/{rel}","templated":true}]}}