{"id":277,"date":"2025-12-21T12:26:34","date_gmt":"2025-12-21T12:26:34","guid":{"rendered":"https:\/\/oktatas.kisslaszlo.info\/tanfolyamok\/"},"modified":"2026-01-16T01:23:36","modified_gmt":"2026-01-16T00:23:36","slug":"tanfolyamok","status":"publish","type":"page","link":"https:\/\/oktatas.kisslaszlo.info\/en\/tanfolyamok\/","title":{"rendered":"Tanfolyam(ok)"},"content":{"rendered":"<div data-elementor-type=\"wp-page\" data-elementor-id=\"277\" class=\"elementor elementor-277\" data-elementor-post-type=\"page\">\n\t\t\t\t<div class=\"elementor-element elementor-element-6596d5fd e-flex e-con-boxed e-con e-parent\" data-id=\"6596d5fd\" data-element_type=\"container\" data-e-type=\"container\">\n\t\t\t\t\t<div class=\"e-con-inner\">\n\t\t\t\t<div class=\"elementor-element elementor-element-3191e387 elementor-widget elementor-widget-text-editor\" data-id=\"3191e387\" data-element_type=\"widget\" data-e-type=\"widget\" data-widget_type=\"text-editor.default\">\n\t\t\t\t\t\t\t\t\t\n<div class=\"wp-block-columns is-layout-flex wp-container-core-columns-is-layout-28f84493 wp-block-columns-is-layout-flex\">\n<div class=\"wp-block-column is-layout-flow wp-block-column-is-layout-flow\" style=\"flex-basis:100%\"><\/div>\n<\/div>\n\n\n\n<p><\/p>\n\t\t\t\t\t\t\t\t<\/div>\n\t\t\t\t\t<\/div>\n\t\t\t\t<\/div>\n\t\t<div class=\"elementor-element elementor-element-83e3566 e-flex e-con-boxed e-con e-parent\" data-id=\"83e3566\" data-element_type=\"container\" data-e-type=\"container\" data-settings=\"{&quot;background_background&quot;:&quot;classic&quot;}\">\n\t\t\t\t\t<div class=\"e-con-inner\">\n\t\t\t\t<div class=\"elementor-element elementor-element-5ad0ceb elementor-widget elementor-widget-heading\" data-id=\"5ad0ceb\" data-element_type=\"widget\" data-e-type=\"widget\" data-widget_type=\"heading.default\">\n\t\t\t\t\t<h1 class=\"elementor-heading-title elementor-size-default\">Aktu\u00e1lis fejl\u0151d\u00e9si lehet\u0151s\u00e9gek<\/h1>\t\t\t\t<\/div>\n\t\t\t\t\t<\/div>\n\t\t\t\t<\/div>\n\t\t<div class=\"elementor-element elementor-element-a423b01 e-flex e-con-boxed e-con e-parent\" data-id=\"a423b01\" data-element_type=\"container\" data-e-type=\"container\">\n\t\t\t\t\t<div class=\"e-con-inner\">\n\t\t\t\t<div class=\"elementor-element elementor-element-dd535d7 elementor-widget elementor-widget-shortcode\" data-id=\"dd535d7\" data-element_type=\"widget\" data-e-type=\"widget\" data-widget_type=\"shortcode.default\">\n\t\t\t\t\t\t\t<div class=\"elementor-shortcode\"><div id=\"ld-course-list-content-72074f1316063416584dcb768c1f933f\" class=\"ld-course-list-content\" data-shortcode-atts=\"{&quot;col&quot;:&quot;3&quot;}\">\n\t\t\t<div class=\"ld-course-list-items row\">\n\t<!-- LearnDash Course Grid v1 --><div class=\"ld_course_grid col-sm-8 col-md-4\">\n\t<article id=\"post-550\" class=\"thumbnail course post-550 sfwd-courses type-sfwd-courses status-publish has-post-thumbnail hentry\">\n\t\t\t\t\t\t\t\t<div class=\"ribbon\">\n\t\t\t\tHUF29,900\t\t\t<\/div>\n\t\t\t\n\t\t\t\t\t\t<a\n\t\t\t\taria-hidden=\"true\"\n\t\t\t\thref=\"https:\/\/oktatas.kisslaszlo.info\/en\/tanfolyam\/spektrumzava-lelki-oka\/\"\n\t\t\t\ttabindex=\"-1\"\n\t\t\t>\n\t\t\t\t<img fetchpriority=\"high\" decoding=\"async\" width=\"300\" height=\"206\" src=\"https:\/\/oktatas.kisslaszlo.info\/wp-content\/uploads\/2026\/03\/Nevtelen-300x206.jpg\" class=\"attachment-medium size-medium wp-post-image\" alt=\"A L\u00e9lek Kulcsai \u2013 Spektrumzavarok a l\u00e9lek szem\u00e9vel\" srcset=\"https:\/\/oktatas.kisslaszlo.info\/wp-content\/uploads\/2026\/03\/Nevtelen-300x206.jpg 300w, https:\/\/oktatas.kisslaszlo.info\/wp-content\/uploads\/2026\/03\/Nevtelen-768x527.jpg 768w, https:\/\/oktatas.kisslaszlo.info\/wp-content\/uploads\/2026\/03\/Nevtelen-18x12.jpg 18w, https:\/\/oktatas.kisslaszlo.info\/wp-content\/uploads\/2026\/03\/Nevtelen-600x412.jpg 600w, https:\/\/oktatas.kisslaszlo.info\/wp-content\/uploads\/2026\/03\/Nevtelen.jpg 784w\" sizes=\"(max-width: 300px) 100vw, 300px\" \/>\t\t\t<\/a>\n\t\t\t\t\t\n\t\t\t\t\t<div class=\"caption\">\n\t\t\t\t<h3 class=\"entry-title\">A L\u00e9lek Kulcsai \u2013 Spektrumzavarok a l\u00e9lek szem\u00e9vel<\/h3>\n\t\t\t\t\t\t\t\t<div class=\"entry-content\"><p>3 alkalmas el\u0151ad\u00e1s sorozat a spektrumzavarokr\u00f3l<\/p>\n<\/div>\n\t\t\t\t\t\t\t\t<div class=\"ld_course_grid_button\">\n\t\t\t\t\t<a\n\t\t\t\t\t\taria-label=\"Enroll Now: A L\u00e9lek Kulcsai \u2013 Spektrumzavarok a l\u00e9lek szem\u00e9vel\"\n\t\t\t\t\t\tclass=\"btn btn-primary\"\n\t\t\t\t\t\thref=\"https:\/\/oktatas.kisslaszlo.info\/en\/tanfolyam\/spektrumzava-lelki-oka\/\"\n\t\t\t\t\t>\n\t\t\t\t\t\tEnroll Now\t\t\t\t\t<\/a>\n\t\t\t\t<\/div>\n\t\t\t\t\t\t\t<\/div><!-- .entry-header -->\n\t\t\t<\/article><!-- #post-## -->\n<\/div><!-- .ld_course_grid -->\n<!-- LearnDash Course Grid v1 --><div class=\"ld_course_grid col-sm-8 col-md-4\">\n\t<article id=\"post-531\" class=\"thumbnail course post-531 sfwd-courses type-sfwd-courses status-publish has-post-thumbnail hentry\">\n\t\t\t\t\t\t\t\t<div class=\"ribbon\">\n\t\t\t\tFree\t\t\t<\/div>\n\t\t\t\n\t\t\t\t\t\t<a\n\t\t\t\taria-hidden=\"true\"\n\t\t\t\thref=\"https:\/\/oktatas.kisslaszlo.info\/en\/tanfolyam\/phoenix-szeminarium-testunk-uzenete-kiss-laszlo-eloadas\/\"\n\t\t\t\ttabindex=\"-1\"\n\t\t\t>\n\t\t\t\t<img decoding=\"async\" width=\"300\" height=\"169\" src=\"https:\/\/oktatas.kisslaszlo.info\/wp-content\/uploads\/2026\/02\/158-300x169.jpg\" class=\"attachment-medium size-medium wp-post-image\" alt=\"Phoenix Szemin\u00e1rium \u2013 Mit \u00fczen a tested?\" srcset=\"https:\/\/oktatas.kisslaszlo.info\/wp-content\/uploads\/2026\/02\/158-300x169.jpg 300w, https:\/\/oktatas.kisslaszlo.info\/wp-content\/uploads\/2026\/02\/158-1024x576.jpg 1024w, https:\/\/oktatas.kisslaszlo.info\/wp-content\/uploads\/2026\/02\/158-768x432.jpg 768w, https:\/\/oktatas.kisslaszlo.info\/wp-content\/uploads\/2026\/02\/158-1536x864.jpg 1536w, https:\/\/oktatas.kisslaszlo.info\/wp-content\/uploads\/2026\/02\/158-18x10.jpg 18w, https:\/\/oktatas.kisslaszlo.info\/wp-content\/uploads\/2026\/02\/158.jpg 1920w\" sizes=\"(max-width: 300px) 100vw, 300px\" \/>\t\t\t<\/a>\n\t\t\t\t\t\n\t\t\t\t\t<div class=\"caption\">\n\t\t\t\t<h3 class=\"entry-title\">Phoenix Szemin\u00e1rium \u2013 Mit \u00fczen a tested?<\/h3>\n\t\t\t\t\t\t\t\t<div class=\"entry-content\"><p>Egy 40 perces ingyenes el\u0151ad\u00e1s arr\u00f3l, mit \u00fczen a tested.<\/p>\n<\/div>\n\t\t\t\t\t\t\t\t<div class=\"ld_course_grid_button\">\n\t\t\t\t\t<a\n\t\t\t\t\t\taria-label=\"Enroll Now: Phoenix Szemin\u00e1rium \u2013 Mit \u00fczen a tested?\"\n\t\t\t\t\t\tclass=\"btn btn-primary\"\n\t\t\t\t\t\thref=\"https:\/\/oktatas.kisslaszlo.info\/en\/tanfolyam\/phoenix-szeminarium-testunk-uzenete-kiss-laszlo-eloadas\/\"\n\t\t\t\t\t>\n\t\t\t\t\t\tEnroll Now\t\t\t\t\t<\/a>\n\t\t\t\t<\/div>\n\t\t\t\t\t\t\t<\/div><!-- .entry-header -->\n\t\t\t<\/article><!-- #post-## -->\n<\/div><!-- .ld_course_grid -->\n<!-- LearnDash Course Grid v1 --><div class=\"ld_course_grid col-sm-8 col-md-4\">\n\t<article id=\"post-461\" class=\"thumbnail course post-461 sfwd-courses type-sfwd-courses status-publish has-post-thumbnail hentry ld_course_tag-eloadas\">\n\t\t\t\t\t\t\t\t<div class=\"ribbon\">\n\t\t\t\tHUF20,000\t\t\t<\/div>\n\t\t\t\n\t\t\t\t\t\t<a\n\t\t\t\taria-hidden=\"true\"\n\t\t\t\thref=\"https:\/\/oktatas.kisslaszlo.info\/en\/tanfolyam\/miert-nem-lepsz-halogatastol-a-valtoztatasig\/\"\n\t\t\t\ttabindex=\"-1\"\n\t\t\t>\n\t\t\t\t<img decoding=\"async\" width=\"300\" height=\"182\" src=\"https:\/\/oktatas.kisslaszlo.info\/wp-content\/uploads\/2026\/01\/onismereti-megtorpanas-300x182.jpg\" class=\"attachment-medium size-medium wp-post-image\" alt=\"MI\u00c9RT NEM L\u00c9PSZ? Halogat\u00e1st\u00f3l a V\u00e1ltoztat\u00e1sig\" srcset=\"https:\/\/oktatas.kisslaszlo.info\/wp-content\/uploads\/2026\/01\/onismereti-megtorpanas-300x182.jpg 300w, https:\/\/oktatas.kisslaszlo.info\/wp-content\/uploads\/2026\/01\/onismereti-megtorpanas-18x12.jpg 18w, https:\/\/oktatas.kisslaszlo.info\/wp-content\/uploads\/2026\/01\/onismereti-megtorpanas.jpg 670w\" sizes=\"(max-width: 300px) 100vw, 300px\" \/>\t\t\t<\/a>\n\t\t\t\t\t\n\t\t\t\t\t<div class=\"caption\">\n\t\t\t\t<h3 class=\"entry-title\">MI\u00c9RT NEM L\u00c9PSZ? Halogat\u00e1st\u00f3l a V\u00e1ltoztat\u00e1sig<\/h3>\n\t\t\t\t\t\t\t\t<div class=\"entry-content\"><p>3 alkalmas el\u0151ad\u00e1s sorozat a halogat\u00e1sr\u00f3l<\/p>\n<\/div>\n\t\t\t\t\t\t\t\t<div class=\"ld_course_grid_button\">\n\t\t\t\t\t<a\n\t\t\t\t\t\taria-label=\"Enroll Now: MI\u00c9RT NEM L\u00c9PSZ? Halogat\u00e1st\u00f3l a V\u00e1ltoztat\u00e1sig\"\n\t\t\t\t\t\tclass=\"btn btn-primary\"\n\t\t\t\t\t\thref=\"https:\/\/oktatas.kisslaszlo.info\/en\/tanfolyam\/miert-nem-lepsz-halogatastol-a-valtoztatasig\/\"\n\t\t\t\t\t>\n\t\t\t\t\t\tEnroll Now\t\t\t\t\t<\/a>\n\t\t\t\t<\/div>\n\t\t\t\t\t\t\t<\/div><!-- .entry-header -->\n\t\t\t<\/article><!-- #post-## -->\n<\/div><!-- .ld_course_grid -->\n<!-- LearnDash Course Grid v1 --><div class=\"ld_course_grid col-sm-8 col-md-4\">\n\t<article id=\"post-224\" class=\"thumbnail course post-224 sfwd-courses type-sfwd-courses status-publish has-post-thumbnail hentry ld_course_tag-eloadas ld_course_tag-meditacio\">\n\t\t\t\t\t\t\t\t<div class=\"ribbon\">\n\t\t\t\tHUF20,000\t\t\t<\/div>\n\t\t\t\n\t\t\t\t\t\t<a\n\t\t\t\taria-hidden=\"true\"\n\t\t\t\thref=\"https:\/\/oktatas.kisslaszlo.info\/en\/tanfolyam\/onszabotazs-feloldasa-3-alkalmas-eloadassorozat\/\"\n\t\t\t\ttabindex=\"-1\"\n\t\t\t>\n\t\t\t\t<img loading=\"lazy\" decoding=\"async\" width=\"300\" height=\"199\" src=\"https:\/\/oktatas.kisslaszlo.info\/wp-content\/uploads\/2025\/12\/onszabotazs-300x199.jpeg\" class=\"attachment-medium size-medium wp-post-image\" alt=\"\u00d6nszabot\u00e1zs Felold\u00e1sa 3. alkalmas el\u0151ad\u00e1ssorozat\" srcset=\"https:\/\/oktatas.kisslaszlo.info\/wp-content\/uploads\/2025\/12\/onszabotazs-300x199.jpeg 300w, https:\/\/oktatas.kisslaszlo.info\/wp-content\/uploads\/2025\/12\/onszabotazs-1024x680.jpeg 1024w, https:\/\/oktatas.kisslaszlo.info\/wp-content\/uploads\/2025\/12\/onszabotazs-768x510.jpeg 768w, https:\/\/oktatas.kisslaszlo.info\/wp-content\/uploads\/2025\/12\/onszabotazs.jpeg 1101w\" sizes=\"(max-width: 300px) 100vw, 300px\" \/>\t\t\t<\/a>\n\t\t\t\t\t\n\t\t\t\t\t<div class=\"caption\">\n\t\t\t\t<h3 class=\"entry-title\">\u00d6nszabot\u00e1zs Felold\u00e1sa 3. alkalmas el\u0151ad\u00e1ssorozat<\/h3>\n\t\t\t\t\t\t\t\t<div class=\"entry-content\"><p>3 alkalmas el\u0151ad\u00e1s sorozat az \u00f6nszabot\u00e1zsr\u00f3l<\/p>\n<\/div>\n\t\t\t\t\t\t\t\t<div class=\"ld_course_grid_button\">\n\t\t\t\t\t<a\n\t\t\t\t\t\taria-label=\"Enroll Now: \u00d6nszabot\u00e1zs Felold\u00e1sa 3. alkalmas el\u0151ad\u00e1ssorozat\"\n\t\t\t\t\t\tclass=\"btn btn-primary\"\n\t\t\t\t\t\thref=\"https:\/\/oktatas.kisslaszlo.info\/en\/tanfolyam\/onszabotazs-feloldasa-3-alkalmas-eloadassorozat\/\"\n\t\t\t\t\t>\n\t\t\t\t\t\tEnroll Now\t\t\t\t\t<\/a>\n\t\t\t\t<\/div>\n\t\t\t\t\t\t\t<\/div><!-- .entry-header -->\n\t\t\t<\/article><!-- #post-## -->\n<\/div><!-- .ld_course_grid -->\n<!-- LearnDash Course Grid v1 --><div class=\"ld_course_grid col-sm-8 col-md-4\">\n\t<article id=\"post-22\" class=\"thumbnail course post-22 sfwd-courses type-sfwd-courses status-publish has-post-thumbnail hentry ld_course_tag-csakra\">\n\t\t\t\t\t\t\t\t<div class=\"ribbon\">\n\t\t\t\tHUF35,000\t\t\t<\/div>\n\t\t\t\n\t\t\t\t\t\t<a\n\t\t\t\taria-hidden=\"true\"\n\t\t\t\thref=\"https:\/\/oktatas.kisslaszlo.info\/en\/tanfolyam\/feszultsegbol-egyensuly-7-alkalmas-energiamegoldo-folyamat\/\"\n\t\t\t\ttabindex=\"-1\"\n\t\t\t>\n\t\t\t\t<img loading=\"lazy\" decoding=\"async\" width=\"300\" height=\"300\" src=\"https:\/\/oktatas.kisslaszlo.info\/wp-content\/uploads\/2025\/12\/c7cd0cbad1827407_3972577-1024x1024-1-300x300.jpg\" class=\"attachment-medium size-medium wp-post-image\" alt=\"7 Csakra Harm\u00f3nia Program\" srcset=\"https:\/\/oktatas.kisslaszlo.info\/wp-content\/uploads\/2025\/12\/c7cd0cbad1827407_3972577-1024x1024-1-300x300.jpg 300w, https:\/\/oktatas.kisslaszlo.info\/wp-content\/uploads\/2025\/12\/c7cd0cbad1827407_3972577-1024x1024-1-150x150.jpg 150w, https:\/\/oktatas.kisslaszlo.info\/wp-content\/uploads\/2025\/12\/c7cd0cbad1827407_3972577-1024x1024-1-768x768.jpg 768w, https:\/\/oktatas.kisslaszlo.info\/wp-content\/uploads\/2025\/12\/c7cd0cbad1827407_3972577-1024x1024-1.jpg 1024w\" sizes=\"(max-width: 300px) 100vw, 300px\" \/>\t\t\t<\/a>\n\t\t\t\t\t\n\t\t\t\t\t<div class=\"caption\">\n\t\t\t\t<h3 class=\"entry-title\">7 Csakra Harm\u00f3nia Program<\/h3>\n\t\t\t\t\t\t\t\t<div class=\"ld_course_grid_button\">\n\t\t\t\t\t<a\n\t\t\t\t\t\taria-label=\"Enroll Now: 7 Csakra Harm\u00f3nia Program\"\n\t\t\t\t\t\tclass=\"btn btn-primary\"\n\t\t\t\t\t\thref=\"https:\/\/oktatas.kisslaszlo.info\/en\/tanfolyam\/feszultsegbol-egyensuly-7-alkalmas-energiamegoldo-folyamat\/\"\n\t\t\t\t\t>\n\t\t\t\t\t\tEnroll Now\t\t\t\t\t<\/a>\n\t\t\t\t<\/div>\n\t\t\t\t\t\t\t<\/div><!-- .entry-header -->\n\t\t\t<\/article><!-- #post-## -->\n<\/div><!-- .ld_course_grid -->\n\t<\/div>\n\t\t\t<\/div>\n\t\t<\/div>\n\t\t\t\t\t\t<\/div>\n\t\t\t\t\t<\/div>\n\t\t\t\t<\/div>\n\t\t\t\t<\/div>","protected":false},"excerpt":{"rendered":"<p>Aktu\u00e1lis fejl\u0151d\u00e9si lehet\u0151s\u00e9gek<\/p>","protected":false},"author":1,"featured_media":0,"parent":0,"menu_order":0,"comment_status":"closed","ping_status":"closed","template":"","meta":{"pagelayer_contact_templates":[],"_pagelayer_content":"","footnotes":""},"class_list":["post-277","page","type-page","status-publish","hentry"],"yoast_head":"<!-- This site is optimized with the Yoast SEO Premium plugin v27.1 (Yoast SEO v27.1.1) - https:\/\/yoast.com\/product\/yoast-seo-premium-wordpress\/ -->\n<title>Tanfolyam(ok) - Kiss L\u00e1szl\u00f3 - K\u00e9pz\u00e9sek<\/title>\n<meta name=\"robots\" content=\"index, follow, max-snippet:-1, max-image-preview:large, max-video-preview:-1\" \/>\n<link rel=\"canonical\" href=\"https:\/\/oktatas.kisslaszlo.info\/en\/tanfolyamok\/\" \/>\n<meta property=\"og:locale\" content=\"en_US\" \/>\n<meta property=\"og:type\" content=\"article\" \/>\n<meta property=\"og:title\" content=\"Tanfolyam(ok)\" \/>\n<meta property=\"og:description\" content=\"Aktu\u00e1lis fejl\u0151d\u00e9si lehet\u0151s\u00e9gek\" \/>\n<meta property=\"og:url\" content=\"https:\/\/oktatas.kisslaszlo.info\/en\/tanfolyamok\/\" \/>\n<meta property=\"og:site_name\" content=\"Kiss L\u00e1szl\u00f3 - K\u00e9pz\u00e9sek\" \/>\n<meta property=\"article:publisher\" content=\"https:\/\/www.facebook.com\/kisslaszlothetahealing\" \/>\n<meta property=\"article:modified_time\" content=\"2026-01-16T00:23:36+00:00\" \/>\n<meta name=\"twitter:card\" content=\"summary_large_image\" \/>\n<script type=\"application\/ld+json\" class=\"yoast-schema-graph\">{\"@context\":\"https:\/\/schema.org\",\"@graph\":[{\"@type\":\"WebPage\",\"@id\":\"https:\/\/oktatas.kisslaszlo.info\/tanfolyamok\/\",\"url\":\"https:\/\/oktatas.kisslaszlo.info\/tanfolyamok\/\",\"name\":\"Tanfolyam(ok) - Kiss L\u00e1szl\u00f3 - K\u00e9pz\u00e9sek\",\"isPartOf\":{\"@id\":\"https:\/\/oktatas.kisslaszlo.info\/#website\"},\"datePublished\":\"2025-12-21T12:26:34+00:00\",\"dateModified\":\"2026-01-16T00:23:36+00:00\",\"breadcrumb\":{\"@id\":\"https:\/\/oktatas.kisslaszlo.info\/tanfolyamok\/#breadcrumb\"},\"inLanguage\":\"en-US\",\"potentialAction\":[{\"@type\":\"ReadAction\",\"target\":[\"https:\/\/oktatas.kisslaszlo.info\/tanfolyamok\/\"]}]},{\"@type\":\"BreadcrumbList\",\"@id\":\"https:\/\/oktatas.kisslaszlo.info\/tanfolyamok\/#breadcrumb\",\"itemListElement\":[{\"@type\":\"ListItem\",\"position\":1,\"name\":\"Kezd\u0151lap\",\"item\":\"https:\/\/oktatas.kisslaszlo.info\/\"},{\"@type\":\"ListItem\",\"position\":2,\"name\":\"Tanfolyam(ok)\"}]},{\"@type\":\"WebSite\",\"@id\":\"https:\/\/oktatas.kisslaszlo.info\/#website\",\"url\":\"https:\/\/oktatas.kisslaszlo.info\/\",\"name\":\"Kiss L\u00e1szl\u00f3 - K\u00e9pz\u00e9sek\",\"description\":\"\u00d6nismereti k\u00e9pz\u00e9sek Kiss L\u00e1szl\u00f3val\",\"publisher\":{\"@id\":\"https:\/\/oktatas.kisslaszlo.info\/#organization\"},\"potentialAction\":[{\"@type\":\"SearchAction\",\"target\":{\"@type\":\"EntryPoint\",\"urlTemplate\":\"https:\/\/oktatas.kisslaszlo.info\/?s={search_term_string}\"},\"query-input\":{\"@type\":\"PropertyValueSpecification\",\"valueRequired\":true,\"valueName\":\"search_term_string\"}}],\"inLanguage\":\"en-US\"},{\"@type\":\"Organization\",\"@id\":\"https:\/\/oktatas.kisslaszlo.info\/#organization\",\"name\":\"Kiss L\u00e1szl\u00f3 - K\u00e9pz\u00e9sek\",\"url\":\"https:\/\/oktatas.kisslaszlo.info\/\",\"logo\":{\"@type\":\"ImageObject\",\"inLanguage\":\"en-US\",\"@id\":\"https:\/\/oktatas.kisslaszlo.info\/#\/schema\/logo\/image\/\",\"url\":\"https:\/\/oktatas.kisslaszlo.info\/wp-content\/uploads\/2025\/12\/cropped-KL-1-scaled-1.png\",\"contentUrl\":\"https:\/\/oktatas.kisslaszlo.info\/wp-content\/uploads\/2025\/12\/cropped-KL-1-scaled-1.png\",\"width\":512,\"height\":512,\"caption\":\"Kiss L\u00e1szl\u00f3 - K\u00e9pz\u00e9sek\"},\"image\":{\"@id\":\"https:\/\/oktatas.kisslaszlo.info\/#\/schema\/logo\/image\/\"},\"sameAs\":[\"https:\/\/www.facebook.com\/kisslaszlothetahealing\"]}]}<\/script>\n<!-- \/ Yoast SEO Premium plugin. -->","yoast_head_json":{"title":"Tanfolyam(ok) - Kiss L\u00e1szl\u00f3 - K\u00e9pz\u00e9sek","robots":{"index":"index","follow":"follow","max-snippet":"max-snippet:-1","max-image-preview":"max-image-preview:large","max-video-preview":"max-video-preview:-1"},"canonical":"https:\/\/oktatas.kisslaszlo.info\/en\/tanfolyamok\/","og_locale":"en_US","og_type":"article","og_title":"Tanfolyam(ok)","og_description":"Aktu\u00e1lis fejl\u0151d\u00e9si lehet\u0151s\u00e9gek","og_url":"https:\/\/oktatas.kisslaszlo.info\/en\/tanfolyamok\/","og_site_name":"Kiss L\u00e1szl\u00f3 - K\u00e9pz\u00e9sek","article_publisher":"https:\/\/www.facebook.com\/kisslaszlothetahealing","article_modified_time":"2026-01-16T00:23:36+00:00","twitter_card":"summary_large_image","schema":{"@context":"https:\/\/schema.org","@graph":[{"@type":"WebPage","@id":"https:\/\/oktatas.kisslaszlo.info\/tanfolyamok\/","url":"https:\/\/oktatas.kisslaszlo.info\/tanfolyamok\/","name":"Tanfolyam(ok) - Kiss L\u00e1szl\u00f3 - K\u00e9pz\u00e9sek","isPartOf":{"@id":"https:\/\/oktatas.kisslaszlo.info\/#website"},"datePublished":"2025-12-21T12:26:34+00:00","dateModified":"2026-01-16T00:23:36+00:00","breadcrumb":{"@id":"https:\/\/oktatas.kisslaszlo.info\/tanfolyamok\/#breadcrumb"},"inLanguage":"en-US","potentialAction":[{"@type":"ReadAction","target":["https:\/\/oktatas.kisslaszlo.info\/tanfolyamok\/"]}]},{"@type":"BreadcrumbList","@id":"https:\/\/oktatas.kisslaszlo.info\/tanfolyamok\/#breadcrumb","itemListElement":[{"@type":"ListItem","position":1,"name":"Kezd\u0151lap","item":"https:\/\/oktatas.kisslaszlo.info\/"},{"@type":"ListItem","position":2,"name":"Tanfolyam(ok)"}]},{"@type":"WebSite","@id":"https:\/\/oktatas.kisslaszlo.info\/#website","url":"https:\/\/oktatas.kisslaszlo.info\/","name":"Kiss L\u00e1szl\u00f3 - K\u00e9pz\u00e9sek","description":"\u00d6nismereti k\u00e9pz\u00e9sek Kiss L\u00e1szl\u00f3val","publisher":{"@id":"https:\/\/oktatas.kisslaszlo.info\/#organization"},"potentialAction":[{"@type":"SearchAction","target":{"@type":"EntryPoint","urlTemplate":"https:\/\/oktatas.kisslaszlo.info\/?s={search_term_string}"},"query-input":{"@type":"PropertyValueSpecification","valueRequired":true,"valueName":"search_term_string"}}],"inLanguage":"en-US"},{"@type":"Organization","@id":"https:\/\/oktatas.kisslaszlo.info\/#organization","name":"Kiss L\u00e1szl\u00f3 - K\u00e9pz\u00e9sek","url":"https:\/\/oktatas.kisslaszlo.info\/","logo":{"@type":"ImageObject","inLanguage":"en-US","@id":"https:\/\/oktatas.kisslaszlo.info\/#\/schema\/logo\/image\/","url":"https:\/\/oktatas.kisslaszlo.info\/wp-content\/uploads\/2025\/12\/cropped-KL-1-scaled-1.png","contentUrl":"https:\/\/oktatas.kisslaszlo.info\/wp-content\/uploads\/2025\/12\/cropped-KL-1-scaled-1.png","width":512,"height":512,"caption":"Kiss L\u00e1szl\u00f3 - K\u00e9pz\u00e9sek"},"image":{"@id":"https:\/\/oktatas.kisslaszlo.info\/#\/schema\/logo\/image\/"},"sameAs":["https:\/\/www.facebook.com\/kisslaszlothetahealing"]}]}},"_links":{"self":[{"href":"https:\/\/oktatas.kisslaszlo.info\/en\/wp-json\/wp\/v2\/pages\/277","targetHints":{"allow":["GET"]}}],"collection":[{"href":"https:\/\/oktatas.kisslaszlo.info\/en\/wp-json\/wp\/v2\/pages"}],"about":[{"href":"https:\/\/oktatas.kisslaszlo.info\/en\/wp-json\/wp\/v2\/types\/page"}],"author":[{"embeddable":true,"href":"https:\/\/oktatas.kisslaszlo.info\/en\/wp-json\/wp\/v2\/users\/1"}],"replies":[{"embeddable":true,"href":"https:\/\/oktatas.kisslaszlo.info\/en\/wp-json\/wp\/v2\/comments?post=277"}],"version-history":[{"count":18,"href":"https:\/\/oktatas.kisslaszlo.info\/en\/wp-json\/wp\/v2\/pages\/277\/revisions"}],"predecessor-version":[{"id":501,"href":"https:\/\/oktatas.kisslaszlo.info\/en\/wp-json\/wp\/v2\/pages\/277\/revisions\/501"}],"wp:attachment":[{"href":"https:\/\/oktatas.kisslaszlo.info\/en\/wp-json\/wp\/v2\/media?parent=277"}],"curies":[{"name":"wp","href":"https:\/\/api.w.org\/{rel}","templated":true}]}}